{"id":7,"date":"2025-05-08T10:43:56","date_gmt":"2025-05-08T10:43:56","guid":{"rendered":"https:\/\/eskesz.hu\/?page_id=7"},"modified":"2025-05-08T10:55:32","modified_gmt":"2025-05-08T10:55:32","slug":"es-kesz","status":"publish","type":"page","link":"https:\/\/eskesz.hu\/","title":{"rendered":"\u00c9s k\u00e9sz"},"content":{"rendered":"","protected":false},"excerpt":{"rendered":"","protected":false},"author":1,"featured_media":15,"parent":0,"menu_order":0,"comment_status":"closed","ping_status":"closed","template":"","meta":{"_seopress_robots_primary_cat":"","_seopress_titles_title":"","_seopress_titles_desc":"Eg\u00e9szs\u00e9gesen. Tudatosan. G\u00f6rd\u00fcl\u00e9kenyen. Gyorsan. Kreat\u00edvan. K\u00f6nnyen. Frissen. Sokoldal\u00faan. B\u00e1rhol. B\u00e1rmikor. \u00c9s k\u00e9sz","_seopress_robots_index":"","footnotes":""},"class_list":["post-7","page","type-page","status-publish","has-post-thumbnail"],"_links":{"self":[{"href":"https:\/\/eskesz.hu\/index.php\/wp-json\/wp\/v2\/pages\/7","targetHints":{"allow":["GET"]}}],"collection":[{"href":"https:\/\/eskesz.hu\/index.php\/wp-json\/wp\/v2\/pages"}],"about":[{"href":"https:\/\/eskesz.hu\/index.php\/wp-json\/wp\/v2\/types\/page"}],"author":[{"embeddable":true,"href":"https:\/\/eskesz.hu\/index.php\/wp-json\/wp\/v2\/users\/1"}],"replies":[{"embeddable":true,"href":"https:\/\/eskesz.hu\/index.php\/wp-json\/wp\/v2\/comments?post=7"}],"version-history":[{"count":4,"href":"https:\/\/eskesz.hu\/index.php\/wp-json\/wp\/v2\/pages\/7\/revisions"}],"predecessor-version":[{"id":17,"href":"https:\/\/eskesz.hu\/index.php\/wp-json\/wp\/v2\/pages\/7\/revisions\/17"}],"wp:featuredmedia":[{"embeddable":true,"href":"https:\/\/eskesz.hu\/index.php\/wp-json\/wp\/v2\/media\/15"}],"wp:attachment":[{"href":"https:\/\/eskesz.hu\/index.php\/wp-json\/wp\/v2\/media?parent=7"}],"curies":[{"name":"wp","href":"https:\/\/api.w.org\/{rel}","templated":true}]}}